{"id":21,"date":"2016-09-05T20:27:12","date_gmt":"2016-09-05T20:27:12","guid":{"rendered":"http:\/\/demos.famethemes.com\/screenr\/?page_id=21"},"modified":"2019-03-15T06:06:53","modified_gmt":"2019-03-15T06:06:53","slug":"mobile-apps-development","status":"publish","type":"page","link":"https:\/\/prontosegurosgt.com\/?page_id=21","title":{"rendered":"Accidentes Personales"},"content":{"rendered":"\n<p>La mejor cobertura para esos sucesos inesperados.<\/p>\n\n\n\n<h2 class=\"wp-block-heading\">COBERTURAS<\/h2>\n\n\n\n<ul><li>Muerte Accidental.<\/li><li>Incapacidad total y permanente por un accidente.<\/li><li>Gastos M\u00e9dicos por Accidente.<\/li><li>Anticipo funerario en efectivo descontado de la suma total aseguradora.<\/li><li>Asfixia o intoxicaci\u00f3n por vapores.<\/li><li>Intoxicaci\u00f3n o envenenamiento de ingesti\u00f3n de sustancias toxicas o alimentos ingeridos en mal estado o consumidos en lugares p\u00fablicos.<\/li><li>Mordeduras o picaduras de animales o insectos<\/li><\/ul>\n\n\n\n<h2 class=\"wp-block-heading\">BENEFICIOS<\/h2>\n\n\n\n<ul><li>Explosiones, descargas el\u00e9ctricas.<\/li><li>Quemaduras accidentales.<\/li><li>Infecciones que se produzcan en una lesi\u00f3n accidental o las producidas por fen\u00f3menos naturales.<\/li><\/ul>\n","protected":false},"excerpt":{"rendered":"<p>La mejor cobertura para esos sucesos inesperados.<\/p>\n","protected":false},"author":2,"featured_media":1232,"parent":0,"menu_order":0,"comment_status":"closed","ping_status":"closed","template":"","meta":{"footnotes":""},"_links":{"self":[{"href":"https:\/\/prontosegurosgt.com\/index.php?rest_route=\/wp\/v2\/pages\/21"}],"collection":[{"href":"https:\/\/prontosegurosgt.com\/index.php?rest_route=\/wp\/v2\/pages"}],"about":[{"href":"https:\/\/prontosegurosgt.com\/index.php?rest_route=\/wp\/v2\/types\/page"}],"author":[{"embeddable":true,"href":"https:\/\/prontosegurosgt.com\/index.php?rest_route=\/wp\/v2\/users\/2"}],"replies":[{"embeddable":true,"href":"https:\/\/prontosegurosgt.com\/index.php?rest_route=%2Fwp%2Fv2%2Fcomments&post=21"}],"version-history":[{"count":3,"href":"https:\/\/prontosegurosgt.com\/index.php?rest_route=\/wp\/v2\/pages\/21\/revisions"}],"predecessor-version":[{"id":1357,"href":"https:\/\/prontosegurosgt.com\/index.php?rest_route=\/wp\/v2\/pages\/21\/revisions\/1357"}],"wp:featuredmedia":[{"embeddable":true,"href":"https:\/\/prontosegurosgt.com\/index.php?rest_route=\/wp\/v2\/media\/1232"}],"wp:attachment":[{"href":"https:\/\/prontosegurosgt.com\/index.php?rest_route=%2Fwp%2Fv2%2Fmedia&parent=21"}],"curies":[{"name":"wp","href":"https:\/\/api.w.org\/{rel}","templated":true}]}}