{"id":18,"date":"2016-09-05T20:12:29","date_gmt":"2016-09-05T20:12:29","guid":{"rendered":"http:\/\/demos.famethemes.com\/screenr\/?page_id=18"},"modified":"2019-03-01T10:13:44","modified_gmt":"2019-03-01T10:13:44","slug":"search-engine-optimisation","status":"publish","type":"page","link":"https:\/\/prontosegurosgt.com\/?page_id=18","title":{"rendered":"Seguros M\u00e9dicos"},"content":{"rendered":"<p style=\"text-align: left;\"><img loading=\"lazy\" decoding=\"async\" class=\"alignnone size-large wp-image-1224\" src=\"https:\/\/prontosegurosgt.com\/wp-content\/uploads\/2019\/03\/medico-1024x605.jpg\" alt=\"\" width=\"790\" height=\"467\" srcset=\"https:\/\/prontosegurosgt.com\/wp-content\/uploads\/2019\/03\/medico-1024x605.jpg 1024w, https:\/\/prontosegurosgt.com\/wp-content\/uploads\/2019\/03\/medico-300x177.jpg 300w, https:\/\/prontosegurosgt.com\/wp-content\/uploads\/2019\/03\/medico-768x454.jpg 768w\" sizes=\"(max-width: 790px) 100vw, 790px\" \/><\/p>\n<div class=\"col-md-12 animate_top\">\n<div class=\"col-md-12\">\n<p class=\"col-md-6\">La mejor cobertura para cubrir los gastos que puedas incurrir en medicinas, hospitalizaci\u00f3n, ex\u00e1menes y atenci\u00f3n m\u00e9dica.<\/p>\n<\/div>\n<div class=\"col-md-6 somos-columna1\">\n<h2>COBERTURAS<\/h2>\n<ul class=\"valores\">\n<li>Cobertura de gastos m\u00e9dicos<\/li>\n<li>Gastos de maternidad y atenci\u00f3n al reci\u00e9n nacido.<\/li>\n<li>Plan dental individual o familiar (opcional)<\/li>\n<li>Cobertura de por vida<\/li>\n<li>Ambulancia a\u00e9rea y terrestre<\/li>\n<li>Cupones para consultas al m\u00e9dico<\/li>\n<li>Atenci\u00f3n de emergencias m\u00e9dicas en el hogar<\/li>\n<li>Servicio funerario para el titular<\/li>\n<li>Chequeo m\u00e9dico sin costo para el titular<\/li>\n<li>La red de hospitales y centros de diagn\u00f3stico m\u00e1s completa.<\/li>\n<li>La p\u00f3liza m\u00e1s completa del mercado<\/li>\n<\/ul>\n<\/div>\n<div class=\"col-md-6\">\n<h2>BENEFICIOS<\/h2>\n<ul class=\"valores\">\n<li>Inclusi\u00f3n de dependientes (hijos)<\/li>\n<li>Cobertura por enfermedades cong\u00e9nitas o hereditarias<\/li>\n<li>Ampliaci\u00f3n especial de cobertura centroamericana<\/li>\n<li>Chequeo de laboratorio b\u00e1sico<\/li>\n<li>Pago directo en compra de medicinas<\/li>\n<li>Red de pago directo en Guatemala y USA<\/li>\n<\/ul>\n<\/div>\n<\/div>\n","protected":false},"excerpt":{"rendered":"<p>La mejor cobertura para cubrir los gastos que puedas incurrir en medicinas, hospitalizaci\u00f3n, ex\u00e1menes y atenci\u00f3n m\u00e9dica.<\/p>\n","protected":false},"author":2,"featured_media":0,"parent":0,"menu_order":0,"comment_status":"closed","ping_status":"closed","template":"","meta":{"footnotes":""},"_links":{"self":[{"href":"https:\/\/prontosegurosgt.com\/index.php?rest_route=\/wp\/v2\/pages\/18"}],"collection":[{"href":"https:\/\/prontosegurosgt.com\/index.php?rest_route=\/wp\/v2\/pages"}],"about":[{"href":"https:\/\/prontosegurosgt.com\/index.php?rest_route=\/wp\/v2\/types\/page"}],"author":[{"embeddable":true,"href":"https:\/\/prontosegurosgt.com\/index.php?rest_route=\/wp\/v2\/users\/2"}],"replies":[{"embeddable":true,"href":"https:\/\/prontosegurosgt.com\/index.php?rest_route=%2Fwp%2Fv2%2Fcomments&post=18"}],"version-history":[{"count":1,"href":"https:\/\/prontosegurosgt.com\/index.php?rest_route=\/wp\/v2\/pages\/18\/revisions"}],"predecessor-version":[{"id":1225,"href":"https:\/\/prontosegurosgt.com\/index.php?rest_route=\/wp\/v2\/pages\/18\/revisions\/1225"}],"wp:attachment":[{"href":"https:\/\/prontosegurosgt.com\/index.php?rest_route=%2Fwp%2Fv2%2Fmedia&parent=18"}],"curies":[{"name":"wp","href":"https:\/\/api.w.org\/{rel}","templated":true}]}}