{"id":16,"date":"2016-09-05T20:07:42","date_gmt":"2016-09-05T20:07:42","guid":{"rendered":"http:\/\/demos.famethemes.com\/screenr\/?page_id=16"},"modified":"2019-03-01T10:14:22","modified_gmt":"2019-03-01T10:14:22","slug":"responsive-web-design","status":"publish","type":"page","link":"https:\/\/prontosegurosgt.com\/?page_id=16","title":{"rendered":"Seguros Auto"},"content":{"rendered":"<p><img loading=\"lazy\" decoding=\"async\" class=\"alignnone size-large wp-image-1222\" src=\"https:\/\/prontosegurosgt.com\/wp-content\/uploads\/2019\/03\/auto-1024x683.jpg\" alt=\"\" width=\"790\" height=\"527\" srcset=\"https:\/\/prontosegurosgt.com\/wp-content\/uploads\/2019\/03\/auto-1024x683.jpg 1024w, https:\/\/prontosegurosgt.com\/wp-content\/uploads\/2019\/03\/auto-300x200.jpg 300w, https:\/\/prontosegurosgt.com\/wp-content\/uploads\/2019\/03\/auto-768x512.jpg 768w\" sizes=\"(max-width: 790px) 100vw, 790px\" \/><\/p>\n<p>La mejor cobertura para tu veh\u00edculo, para que puedas manejar sin ninguna preocupaci\u00f3n, ofreci\u00e9ndote el respaldo con las mejores opciones del mercado.<\/p>\n<div class=\"col-md-6 somos-columna1\">\n<h2>COBERTURAS PRINCIPALES<\/h2>\n<ul class=\"valores\">\n<li><strong>RESPONSABILIDAD CIVIL:<\/strong>Todas aquellas indemnizaciones que se le deba legalmente a terceros, a consecuencia de un accidente.<\/li>\n<li><strong>ROBO Y DA\u00d1OS PROPIOS DEL VEH\u00cdCULO:<\/strong>Robo total del veh\u00edculo y da\u00f1os causados al veh\u00edculo por colisi\u00f3n, volcadura, erupci\u00f3n volc\u00e1nica, terremoto, mot\u00edn, huelgas o alborotos populares hasta la suma asegurada del veh\u00edculo.<\/li>\n<li><strong>DA\u00d1OS A OCUPANTES DEL VEH\u00cdCULO ASEGURADO:<\/strong>Pago de gastos m\u00e9dicos razonables y necesarios por lesiones corporales incurridos a consecuencia de un accidente de tr\u00e1nsito a los ocupantes del veh\u00edculo. Accidentes personales.<\/li>\n<\/ul>\n<\/div>\n<div class=\"col-md-6\">\n<h2>BENEFICIOS<\/h2>\n<ul class=\"valores\">\n<li>Asesor\u00eda legal<\/li>\n<li>Asistencia en el camino en Centroam\u00e9rica, Panam\u00e1 y M\u00e9xico<\/li>\n<li>Atenci\u00f3n del Accidente en menos de 30 minutos<\/li>\n<li>No hay piloto nombrado<\/li>\n<li>Auxilio vial<\/li>\n<li>Cobertura para menores de 21 a\u00f1os<\/li>\n<li>Reinstalaci\u00f3n autom\u00e1tica de suma asegurada<\/li>\n<li>Fianza de excarcelaci\u00f3n<\/li>\n<li>Indemnizaci\u00f3n por muerte accidental<\/li>\n<li>Anticipo funerario<\/li>\n<li>Rotura de cristales<\/li>\n<li>Cabina de emergencia disponible las 24 horas, 365 d\u00edas del a\u00f1o<\/li>\n<\/ul>\n<\/div>\n","protected":false},"excerpt":{"rendered":"<p>La mejor cobertura para tu veh\u00edculo, para que puedas manejar sin ninguna preocupaci\u00f3n, ofreci\u00e9ndote el respaldo con las mejores opciones del mercado.<\/p>\n","protected":false},"author":2,"featured_media":0,"parent":0,"menu_order":0,"comment_status":"closed","ping_status":"closed","template":"","meta":{"footnotes":""},"_links":{"self":[{"href":"https:\/\/prontosegurosgt.com\/index.php?rest_route=\/wp\/v2\/pages\/16"}],"collection":[{"href":"https:\/\/prontosegurosgt.com\/index.php?rest_route=\/wp\/v2\/pages"}],"about":[{"href":"https:\/\/prontosegurosgt.com\/index.php?rest_route=\/wp\/v2\/types\/page"}],"author":[{"embeddable":true,"href":"https:\/\/prontosegurosgt.com\/index.php?rest_route=\/wp\/v2\/users\/2"}],"replies":[{"embeddable":true,"href":"https:\/\/prontosegurosgt.com\/index.php?rest_route=%2Fwp%2Fv2%2Fcomments&post=16"}],"version-history":[{"count":2,"href":"https:\/\/prontosegurosgt.com\/index.php?rest_route=\/wp\/v2\/pages\/16\/revisions"}],"predecessor-version":[{"id":1226,"href":"https:\/\/prontosegurosgt.com\/index.php?rest_route=\/wp\/v2\/pages\/16\/revisions\/1226"}],"wp:attachment":[{"href":"https:\/\/prontosegurosgt.com\/index.php?rest_route=%2Fwp%2Fv2%2Fmedia&parent=16"}],"curies":[{"name":"wp","href":"https:\/\/api.w.org\/{rel}","templated":true}]}}